{"id":97,"date":"2024-05-07T18:32:48","date_gmt":"2024-05-07T18:32:48","guid":{"rendered":"https:\/\/iseta.edu.ar\/iseta\/?page_id=97"},"modified":"2024-08-29T12:40:19","modified_gmt":"2024-08-29T12:40:19","slug":"tec-sup-en-analisis-de-sistemas","status":"publish","type":"page","link":"https:\/\/iseta.edu.ar\/iseta\/carreras\/tec-sup-en-analisis-de-sistemas\/","title":{"rendered":"Tec. Sup. en An\u00e1lisis de Sistemas"},"content":{"rendered":"\n<div class=\"wp-block-buttons is-layout-flex wp-block-buttons-is-layout-flex\">\n<div class=\"wp-block-button has-custom-width wp-block-button__width-25 has-custom-font-size has-small-font-size\"><a class=\"wp-block-button__link has-white-color has-text-color has-background has-link-color wp-element-button\" href=\"https:\/\/iseta.edu.ar\/iseta\/wp-content\/uploads\/2024\/05\/TS-en-Analisis-de-Sistemas-Res.-6790_19-Anexo-I.pdf\" style=\"background-color:#0734cf\">Ver Resoluci\u00f3n<\/a><\/div>\n\n\n\n<div class=\"wp-block-button has-custom-width wp-block-button__width-25 has-custom-font-size has-small-font-size\"><a class=\"wp-block-button__link has-white-color has-text-color has-background has-link-color wp-element-button\" href=\"https:\/\/iseta.edu.ar\/iseta\/horarios\/\" style=\"background-color:#0734cf\">Ver Horarios<\/a><\/div>\n<\/div>\n\n\n\n<p>La\/el Analista de Sistemas estar\u00e1 capacitada\/o para planificar y gestionar un proyecto de desarrollo, as\u00ed como tambi\u00e9n para diagnosticar problemas y dise\u00f1ar soluciones inform\u00e1ticas de las organizaciones que as\u00ed lo requieran. Estas competencias ser\u00e1n desarrolladas seg\u00fan las incumbencias y las normas t\u00e9cnicas y legales que rigen su campo.<br>La\/el T\u00e9cnica\/o Superior en An\u00e1lisis de Sistemas podr\u00e1:<br>&#8211; Planificar, dirigir, realizar y\/o evaluar proyectos de sistemas de informaci\u00f3n.<br>Identificar y diagnosticar problemas de una organizaci\u00f3n para dise\u00f1ar y proyectar posibles soluciones inform\u00e1ticas.<br>&#8211; Organizar, dirigir y controlar las \u00e1reas t\u00e9cnicas relacionadas con los sistemas de informaci\u00f3n.<br>&#8211; Actuar como interlocutores entre el \u00e1rea t\u00e9cnica y las dem\u00e1s \u00e1reas de la organizaci\u00f3n.<br>&#8211; Elaborar propuestas de capacitaci\u00f3n para la utilizaci\u00f3n de sistemas de informaci\u00f3n.<br>&#8211; Gestionar desde el dise\u00f1o y el desarrollo, hasta la operaci\u00f3n y el mantenimiento de proyectos asociados a los sistemas de informaci\u00f3n.<br>&#8211; Participar en el an\u00e1lisis, dise\u00f1o, construcci\u00f3n, integraci\u00f3n y evoluci\u00f3n de soluciones inform\u00e1ticas.<br>&#8211; Realizar tareas de auditor\u00eda, arbitraje, peritaje y tasaciones relacionados con los sistemas de informaci\u00f3n.<br><\/p>\n\n\n\n<p><strong>Consultas:<\/strong><br>V\u00eda Whatsapp +549 2317 515076 \u2013 +54 2317 422305\/611071 \u2013 preceptoria@iseta.edu.ar<\/p>\n","protected":false},"excerpt":{"rendered":"<p>La\/el Analista de Sistemas estar\u00e1 capacitada\/o para planificar y gestionar un proyecto de desarrollo, as\u00ed como tambi\u00e9n para diagnosticar problemas &hellip; <\/p>\n","protected":false},"author":2,"featured_media":0,"parent":70,"menu_order":5,"comment_status":"closed","ping_status":"closed","template":"","meta":{"footnotes":""},"class_list":["post-97","page","type-page","status-publish","hentry"],"_links":{"self":[{"href":"https:\/\/iseta.edu.ar\/iseta\/wp-json\/wp\/v2\/pages\/97","targetHints":{"allow":["GET"]}}],"collection":[{"href":"https:\/\/iseta.edu.ar\/iseta\/wp-json\/wp\/v2\/pages"}],"about":[{"href":"https:\/\/iseta.edu.ar\/iseta\/wp-json\/wp\/v2\/types\/page"}],"author":[{"embeddable":true,"href":"https:\/\/iseta.edu.ar\/iseta\/wp-json\/wp\/v2\/users\/2"}],"replies":[{"embeddable":true,"href":"https:\/\/iseta.edu.ar\/iseta\/wp-json\/wp\/v2\/comments?post=97"}],"version-history":[{"count":5,"href":"https:\/\/iseta.edu.ar\/iseta\/wp-json\/wp\/v2\/pages\/97\/revisions"}],"predecessor-version":[{"id":321,"href":"https:\/\/iseta.edu.ar\/iseta\/wp-json\/wp\/v2\/pages\/97\/revisions\/321"}],"up":[{"embeddable":true,"href":"https:\/\/iseta.edu.ar\/iseta\/wp-json\/wp\/v2\/pages\/70"}],"wp:attachment":[{"href":"https:\/\/iseta.edu.ar\/iseta\/wp-json\/wp\/v2\/media?parent=97"}],"curies":[{"name":"wp","href":"https:\/\/api.w.org\/{rel}","templated":true}]}}