{"id":93,"date":"2024-05-07T18:25:12","date_gmt":"2024-05-07T18:25:12","guid":{"rendered":"https:\/\/iseta.edu.ar\/iseta\/?page_id=93"},"modified":"2025-12-12T12:04:07","modified_gmt":"2025-12-12T12:04:07","slug":"tec-sup-en-gestion-de-energias-renovables","status":"publish","type":"page","link":"https:\/\/iseta.edu.ar\/iseta\/carreras\/tec-sup-en-gestion-de-energias-renovables\/","title":{"rendered":"Tec. Sup. en Gesti\u00f3n de Energ\u00edas Renovables"},"content":{"rendered":"\n<div class=\"wp-block-buttons is-layout-flex wp-block-buttons-is-layout-flex\">\n<div class=\"wp-block-button has-custom-width wp-block-button__width-25\"><a class=\"wp-block-button__link has-white-color has-text-color has-background has-link-color has-small-font-size has-custom-font-size wp-element-button\" href=\"https:\/\/iseta.edu.ar\/iseta\/wp-content\/uploads\/2025\/12\/Rectificatoria-Gestion-de-Ener-Ren-RES-6185-25-y-ANEXO.pdf\" style=\"background-color:#0734cf\">Ver Resoluci\u00f3n<\/a><\/div>\n\n\n\n<div class=\"wp-block-button has-custom-width wp-block-button__width-25\"><a class=\"wp-block-button__link has-white-color has-text-color has-background has-link-color has-small-font-size has-custom-font-size wp-element-button\" href=\"https:\/\/iseta.edu.ar\/iseta\/horarios\/\" style=\"background-color:#0734cf\">Ver Horarios<\/a><\/div>\n<\/div>\n\n\n\n<p>La\/el T\u00e9cnica\/o Superior en Gesti\u00f3n de Energ\u00edas Renovables ser\u00e1 capaz de:<br>\u2013 Resolver problemas y analizar todas sus variables dentro de su campo profesional, que impliquen el dominio y la conceptualizaci\u00f3n de saberes cient\u00edficos tecnol\u00f3gicos y gerenciales, desarrollando posibles estrategias para su resoluci\u00f3n.<br>\u2013 Dise\u00f1ar, gestionar y evaluar proyectos y\/o procesos en el \u00e1mbito de su especialidad que lleven a la mejora de la calidad de la organizaci\u00f3n, respetando normas de seguridad, higiene y cuidado del medio ambiente.<br>\u2013 Asumir el rol de liderazgo y coordinaci\u00f3n, reconociendo el rol de cada integrante del proyecto, transmitiendo la informaci\u00f3n necesaria en forma precisa y utilizando el lenguaje apropiado para el entendimiento mutuo en interacciones individuales o grupales. Supone garantizar la participaci\u00f3n de todas las personas en los distintos procesos involucrados en los proyectos de trabajo.<br>\u2013 Documentar todas las etapas de su tarea como as\u00ed tambi\u00e9n las especificaciones de los productos que puedan surgir de su trabajo, referenciando y registrando de tal manera que le facilite acceder posteriormente en forma r\u00e1pida para recuperarla y\/o evaluarla.<\/p>\n","protected":false},"excerpt":{"rendered":"<p>La\/el T\u00e9cnica\/o Superior en Gesti\u00f3n de Energ\u00edas Renovables ser\u00e1 capaz de:\u2013 Resolver problemas y analizar todas sus variables dentro de &hellip; <\/p>\n","protected":false},"author":2,"featured_media":0,"parent":70,"menu_order":0,"comment_status":"closed","ping_status":"closed","template":"","meta":{"footnotes":""},"class_list":["post-93","page","type-page","status-publish","hentry"],"_links":{"self":[{"href":"https:\/\/iseta.edu.ar\/iseta\/wp-json\/wp\/v2\/pages\/93","targetHints":{"allow":["GET"]}}],"collection":[{"href":"https:\/\/iseta.edu.ar\/iseta\/wp-json\/wp\/v2\/pages"}],"about":[{"href":"https:\/\/iseta.edu.ar\/iseta\/wp-json\/wp\/v2\/types\/page"}],"author":[{"embeddable":true,"href":"https:\/\/iseta.edu.ar\/iseta\/wp-json\/wp\/v2\/users\/2"}],"replies":[{"embeddable":true,"href":"https:\/\/iseta.edu.ar\/iseta\/wp-json\/wp\/v2\/comments?post=93"}],"version-history":[{"count":4,"href":"https:\/\/iseta.edu.ar\/iseta\/wp-json\/wp\/v2\/pages\/93\/revisions"}],"predecessor-version":[{"id":1356,"href":"https:\/\/iseta.edu.ar\/iseta\/wp-json\/wp\/v2\/pages\/93\/revisions\/1356"}],"up":[{"embeddable":true,"href":"https:\/\/iseta.edu.ar\/iseta\/wp-json\/wp\/v2\/pages\/70"}],"wp:attachment":[{"href":"https:\/\/iseta.edu.ar\/iseta\/wp-json\/wp\/v2\/media?parent=93"}],"curies":[{"name":"wp","href":"https:\/\/api.w.org\/{rel}","templated":true}]}}