{"id":8,"date":"2024-05-07T12:10:49","date_gmt":"2024-05-07T12:10:49","guid":{"rendered":"https:\/\/iseta.edu.ar\/iseta\/?page_id=8"},"modified":"2026-03-25T11:57:09","modified_gmt":"2026-03-25T11:57:09","slug":"institucionales","status":"publish","type":"page","link":"https:\/\/iseta.edu.ar\/iseta\/","title":{"rendered":"Bienvenidos a I.S.E.T.A"},"content":{"rendered":"\n<p class=\"has-background\" style=\"background-color:#ffffff00\">El Instituto Superior Experimental de Tecnolog\u00eda Alimentaria (ISETA) depende de la Direcci\u00f3n General de Cultura y Educaci\u00f3n de la Provincia de Buenos Aires inaugurado el 17\/7\/1978.<\/p>\n\n\n\n<p class=\"has-text-align-center\"><\/p>\n\n\n\n<p><\/p>\n","protected":false},"excerpt":{"rendered":"<p>El Instituto Superior Experimental de Tecnolog\u00eda Alimentaria (ISETA) depende de la Direcci\u00f3n General de Cultura y Educaci\u00f3n de la Provincia &hellip; <\/p>\n","protected":false},"author":2,"featured_media":20,"parent":0,"menu_order":0,"comment_status":"closed","ping_status":"closed","template":"template-home.php","meta":{"footnotes":""},"class_list":["post-8","page","type-page","status-publish","has-post-thumbnail","hentry"],"_links":{"self":[{"href":"https:\/\/iseta.edu.ar\/iseta\/wp-json\/wp\/v2\/pages\/8","targetHints":{"allow":["GET"]}}],"collection":[{"href":"https:\/\/iseta.edu.ar\/iseta\/wp-json\/wp\/v2\/pages"}],"about":[{"href":"https:\/\/iseta.edu.ar\/iseta\/wp-json\/wp\/v2\/types\/page"}],"author":[{"embeddable":true,"href":"https:\/\/iseta.edu.ar\/iseta\/wp-json\/wp\/v2\/users\/2"}],"replies":[{"embeddable":true,"href":"https:\/\/iseta.edu.ar\/iseta\/wp-json\/wp\/v2\/comments?post=8"}],"version-history":[{"count":27,"href":"https:\/\/iseta.edu.ar\/iseta\/wp-json\/wp\/v2\/pages\/8\/revisions"}],"predecessor-version":[{"id":1410,"href":"https:\/\/iseta.edu.ar\/iseta\/wp-json\/wp\/v2\/pages\/8\/revisions\/1410"}],"wp:featuredmedia":[{"embeddable":true,"href":"https:\/\/iseta.edu.ar\/iseta\/wp-json\/wp\/v2\/media\/20"}],"wp:attachment":[{"href":"https:\/\/iseta.edu.ar\/iseta\/wp-json\/wp\/v2\/media?parent=8"}],"curies":[{"name":"wp","href":"https:\/\/api.w.org\/{rel}","templated":true}]}}