{"id":70,"date":"2024-05-07T18:11:12","date_gmt":"2024-05-07T18:11:12","guid":{"rendered":"https:\/\/iseta.edu.ar\/iseta\/?page_id=70"},"modified":"2026-03-30T12:22:49","modified_gmt":"2026-03-30T12:22:49","slug":"carreras","status":"publish","type":"page","link":"https:\/\/iseta.edu.ar\/iseta\/carreras\/","title":{"rendered":"Carreras"},"content":{"rendered":"\n<p>Los cambios producidos en el mundo de la ciencia y especialmente, en el campo de la tecnolog\u00eda, se han reflejado en el \u00e1mbito de la econom\u00eda y del trabajo, inaugurando nuevas perspectivas en los sistemas organizacionales, en los reg\u00edmenes de trabajo y en la producci\u00f3n industrial y tecnol\u00f3gica. Los avances en este campo, a la par de modificar las relaciones entre trabajo y producci\u00f3n, han invadido otras esferas de la vida social, lo que ha llevado a una necesaria reflexi\u00f3n sobre la calidad de vida humana, en el marco de un mundo altamente tecnificado y de profundos desequilibrios sociales.<br>La Resoluci\u00f3n 3804 del a\u00f1o 2001 implic\u00f3 un avance en la materia y permiti\u00f3 organizar 65 Tecnicaturas Superiores que abarcan \u00e1reas industriales, agropecuarios, de servicios inform\u00e1ticos, de salud, comunicaci\u00f3n, administraci\u00f3n, gesti\u00f3n, entre otros.<\/p>\n\n\n\n<p><br>El ISETA cuenta con la siguiente oferta acad\u00e9mica 2026 con amplia salida laboral en la zona:<\/p>\n\n\n\n<ul class=\"wp-block-list\">\n<li>Tec. Sup. en Servicios Gastron\u00f3micos <strong><a href=\"https:\/\/iseta.edu.ar\/iseta\/wp-content\/uploads\/2025\/12\/Tec.-Sup-en-Servicios-Gastronomicos.pdf\">Ver Resoluci\u00f3n<\/a><\/strong><\/li>\n\n\n\n<li>Tec. Sup. en Alimentos <strong><a href=\"https:\/\/iseta.edu.ar\/iseta\/wp-content\/uploads\/2024\/05\/DISENO-CURRICULAR-ALIMENTOS-5563-23.pdf\">Ver Resoluci\u00f3n&nbsp;<\/a><\/strong><\/li>\n\n\n\n<li>Tec. Sup. en Biotecnolog\u00eda <strong><a href=\"https:\/\/iseta.edu.ar\/iseta\/wp-content\/uploads\/2025\/12\/Rectificatoria-Biotecologia-RES-3538-25-y-ANEXO.pdf\">Ver Resoluci\u00f3n<\/a><\/strong><\/li>\n\n\n\n<li>Tec. Sup. en Higiene, Seguridad y Ambiente Laboral <strong><a href=\"https:\/\/iseta.edu.ar\/iseta\/wp-content\/uploads\/2025\/12\/Tec.-Sup-en-Higiene-Seguridad-y-ambiente-Laboral.pdf\">Ver Resoluci\u00f3n<\/a><\/strong><\/li>\n\n\n\n<li>Tec. Sup. en An\u00e1lisis de Sistemas <strong><a href=\"https:\/\/iseta.edu.ar\/iseta\/wp-content\/uploads\/2024\/05\/TS-en-Analisis-de-Sistemas-Res.-6790_19-Anexo-I.pdf\">Ver Resoluci\u00f3n<\/a><\/strong><\/li>\n\n\n\n<li>Tec. Sup. en Producci\u00f3n Agr\u00edcola-Ganadera <strong><a href=\"https:\/\/iseta.edu.ar\/iseta\/wp-content\/uploads\/2024\/05\/TS-en-Produccion-Agricola-Ganadera-Res.-4343_19-Anexo-I_0.pdf\">Ver Resoluci\u00f3n<\/a><\/strong><\/li>\n\n\n\n<li>Tec. Sup. en Gesti\u00f3n de Energ\u00edas Renovables <strong><a href=\"https:\/\/iseta.edu.ar\/iseta\/wp-content\/uploads\/2025\/12\/Rectificatoria-Gestion-de-Ener-Ren-RES-6185-25-y-ANEXO.pdf\">Ver Resoluci\u00f3n<\/a><\/strong><\/li>\n<\/ul>\n\n\n\n<p><em>*Las resoluciones de las carreras en cierre se encuentran en Legales<\/em><\/p>\n","protected":false},"excerpt":{"rendered":"<p>Los cambios producidos en el mundo de la ciencia y especialmente, en el campo de la tecnolog\u00eda, se han reflejado &hellip; <\/p>\n","protected":false},"author":2,"featured_media":0,"parent":0,"menu_order":0,"comment_status":"closed","ping_status":"closed","template":"","meta":{"footnotes":""},"class_list":["post-70","page","type-page","status-publish","hentry"],"_links":{"self":[{"href":"https:\/\/iseta.edu.ar\/iseta\/wp-json\/wp\/v2\/pages\/70","targetHints":{"allow":["GET"]}}],"collection":[{"href":"https:\/\/iseta.edu.ar\/iseta\/wp-json\/wp\/v2\/pages"}],"about":[{"href":"https:\/\/iseta.edu.ar\/iseta\/wp-json\/wp\/v2\/types\/page"}],"author":[{"embeddable":true,"href":"https:\/\/iseta.edu.ar\/iseta\/wp-json\/wp\/v2\/users\/2"}],"replies":[{"embeddable":true,"href":"https:\/\/iseta.edu.ar\/iseta\/wp-json\/wp\/v2\/comments?post=70"}],"version-history":[{"count":7,"href":"https:\/\/iseta.edu.ar\/iseta\/wp-json\/wp\/v2\/pages\/70\/revisions"}],"predecessor-version":[{"id":1431,"href":"https:\/\/iseta.edu.ar\/iseta\/wp-json\/wp\/v2\/pages\/70\/revisions\/1431"}],"wp:attachment":[{"href":"https:\/\/iseta.edu.ar\/iseta\/wp-json\/wp\/v2\/media?parent=70"}],"curies":[{"name":"wp","href":"https:\/\/api.w.org\/{rel}","templated":true}]}}