{"id":64,"date":"2024-05-07T18:02:30","date_gmt":"2024-05-07T18:02:30","guid":{"rendered":"https:\/\/iseta.edu.ar\/iseta\/?page_id=64"},"modified":"2026-03-17T11:59:22","modified_gmt":"2026-03-17T11:59:22","slug":"concursos","status":"publish","type":"page","link":"https:\/\/iseta.edu.ar\/iseta\/concursos\/","title":{"rendered":""},"content":{"rendered":"\n<p>Llamado a COBERTURA mediante PRUEBAS DE SELECCI\u00d3N &#8211; por Resoluci\u00f3n N\u00ba 6179\/25 seg\u00fan enlace a convocatoria que se adjunta a continuaci\u00f3n:<\/p>\n\n\n\n<figure class=\"wp-block-table\"><table class=\"has-fixed-layout\"><tbody><tr><td colspan=\"3\"><strong>CONVOCATORIA N\u00ba 1-2-3-4-5<\/strong><\/td><\/tr><tr><td><strong>ESTABLECIMIENTO<\/strong><\/td><td colspan=\"2\"><strong>ISETA<\/strong><\/td><\/tr><tr><td><strong>TIPO DE CONVOCATORIA<\/strong><\/td><td colspan=\"2\"><strong>COBERTURA POR PRUEBAS DE SELECCI\u00d3N POR EVALUACI\u00d3N DE T\u00cdTULOS, ANTECEDENTES Y OPOSICI\u00d3N DE M\u00d3DULOS \/HORAS C\u00c1TEDRAS Y CARGOS DOCENTES DE BASE.<\/strong><\/td><\/tr><tr><td><strong>NIVEL\/MODALIDAD<\/strong><\/td><td colspan=\"2\"><strong>SUPERIOR T\u00c9CNICA<\/strong><\/td><\/tr><tr><td><strong>NORMATIVA<\/strong><\/td><td colspan=\"2\"><strong>RESOC-2025-6179-GDEBA-DGCYE<\/strong><\/td><\/tr><tr><td colspan=\"3\"><strong>CRONOGRAMA DE ACCIONES<\/strong><\/td><\/tr><tr><td><strong>DIFUSI\u00d3N<\/strong><\/td><td><strong>12\/03\/26&nbsp;<\/strong><\/td><td><strong>16\/03\/26<\/strong><\/td><\/tr><tr><td><strong>INSCRIPCI\u00d3N<\/strong><\/td><td><strong>17\/03\/26&nbsp;<\/strong><\/td><td><strong>24\/03\/26<\/strong><\/td><\/tr><tr><td><strong>PERIODO DE RECUSACI\u00d3N\/EXCUSACI\u00d3N DE LA CE<\/strong><\/td><td colspan=\"2\" rowspan=\"5\"><br><br><br><a href=\"https:\/\/drive.google.com\/file\/d\/12am535zPa_ij9S70RJ_zRCT5MJ7RYAKj\/view?usp=sharing\" target=\"_blank\" rel=\"noreferrer noopener\"><strong>ENLACE A LAS CONVOCATORIAS<\/strong><\/a><\/td><\/tr><tr><td><strong>FORMA\/S DE INSCRIPCI\u00d3N&nbsp;<\/strong><\/td><\/tr><tr><td><strong>DOCUMENTACI\u00d3N REQUERIDA Y FORMATO DE ENTREGA<\/strong><\/td><\/tr><tr><td><strong>ASISTENCIAS T\u00c9CNICAS<\/strong><\/td><\/tr><tr><td><strong>OBSERVACIONES<\/strong><\/td><\/tr><\/tbody><\/table><\/figure>\n\n\n\n<p><\/p>\n\n\n\n<hr class=\"wp-block-separator has-alpha-channel-opacity\"\/>\n\n\n\n<h2 class=\"wp-block-heading\"><strong>Informaci\u00f3n de inter\u00e9s para aspirantes:<\/strong><\/h2>\n\n\n\n<p>Resoluci\u00f3n para la cobertura de cargos del nivel superior <strong><a href=\"https:\/\/iseta.edu.ar\/iseta\/wp-content\/uploads\/2025\/12\/RESOLUCION-6179-25.pdf\">Ver resoluci\u00f3n 6179\/25<\/a><br><\/strong>Los contenidos m\u00ednimos de cada unidad curricular se encuentran en las resoluciones de las carreras <strong><a href=\"https:\/\/iseta.edu.ar\/iseta\/institucionales\/legales\/\">Ver resoluciones<\/a><\/strong><\/p>\n\n\n\n<p><\/p>\n","protected":false},"excerpt":{"rendered":"<p>Llamado a COBERTURA mediante PRUEBAS DE SELECCI\u00d3N &#8211; por Resoluci\u00f3n N\u00ba 6179\/25 seg\u00fan enlace a convocatoria que se adjunta a &hellip; <\/p>\n","protected":false},"author":2,"featured_media":0,"parent":0,"menu_order":0,"comment_status":"closed","ping_status":"closed","template":"","meta":{"footnotes":""},"class_list":["post-64","page","type-page","status-publish","hentry"],"_links":{"self":[{"href":"https:\/\/iseta.edu.ar\/iseta\/wp-json\/wp\/v2\/pages\/64","targetHints":{"allow":["GET"]}}],"collection":[{"href":"https:\/\/iseta.edu.ar\/iseta\/wp-json\/wp\/v2\/pages"}],"about":[{"href":"https:\/\/iseta.edu.ar\/iseta\/wp-json\/wp\/v2\/types\/page"}],"author":[{"embeddable":true,"href":"https:\/\/iseta.edu.ar\/iseta\/wp-json\/wp\/v2\/users\/2"}],"replies":[{"embeddable":true,"href":"https:\/\/iseta.edu.ar\/iseta\/wp-json\/wp\/v2\/comments?post=64"}],"version-history":[{"count":356,"href":"https:\/\/iseta.edu.ar\/iseta\/wp-json\/wp\/v2\/pages\/64\/revisions"}],"predecessor-version":[{"id":1404,"href":"https:\/\/iseta.edu.ar\/iseta\/wp-json\/wp\/v2\/pages\/64\/revisions\/1404"}],"wp:attachment":[{"href":"https:\/\/iseta.edu.ar\/iseta\/wp-json\/wp\/v2\/media?parent=64"}],"curies":[{"name":"wp","href":"https:\/\/api.w.org\/{rel}","templated":true}]}}