{"id":52,"date":"2024-05-07T17:46:41","date_gmt":"2024-05-07T17:46:41","guid":{"rendered":"https:\/\/iseta.edu.ar\/iseta\/?page_id=52"},"modified":"2024-09-16T11:44:17","modified_gmt":"2024-09-16T11:44:17","slug":"dpto-de-analisis-fisico-quimicos","status":"publish","type":"page","link":"https:\/\/iseta.edu.ar\/iseta\/departamentos-y-servicios\/dpto-de-analisis-fisico-quimicos\/","title":{"rendered":"Dpto de An\u00e1lisis F\u00edsico-qu\u00edmicos"},"content":{"rendered":"\n<p><strong>El Departamento de An\u00e1lisis tiene como objetivo principal brindar servicios y asesoramiento, atendiendo las demandas de an\u00e1lisis de materias primas, alimentos y su relaci\u00f3n con el medio de producci\u00f3n.<\/strong><\/p>\n\n\n\n<p><strong>Se trabaja con instituciones, peque\u00f1as y medianas empresas, productores locales, regionales, clientes particulares y comunidad en general.<\/strong><\/p>\n\n\n\n<p><strong>El Laboratorio de An\u00e1lisis fue creado en 1982 con el objetivo de brindar servicios de asesoramiento y&nbsp; an\u00e1lisis fisico-qu\u00edmicos:<\/strong><\/p>\n\n\n\n<ul class=\"wp-block-list\">\n<li><strong>Agua: diagn\u00f3stico de potabilidad para consumo humano y animal<\/strong><\/li>\n\n\n\n<li><strong>Suelo: diagn\u00f3stico de fertilidad<\/strong><\/li>\n\n\n\n<li><strong>Alimentos: composici\u00f3n qu\u00edmica en alimentos balanceados, c\u00e1rnicos, l\u00e1cteos y cereales<\/strong><\/li>\n\n\n\n<li><strong>Miel: par\u00e1metros f\u00edsico-qu\u00edmicos de calidad<\/strong><\/li>\n<\/ul>\n\n\n\n<p><strong>El laboratorio tambi\u00e9n es miembro de ALAP (Asociaci\u00f3n de Laboratorios Agropecuarios Privados) desde el a\u00f1o 1998, participando de plenarias, talleres, cursos de actualizaci\u00f3n y peri\u00f3dicos Referee Test que garantizan la confiabilidad de los resultados obtenidos.<\/strong><\/p>\n\n\n\n<p><strong>Desarrolla actividades de extensi\u00f3n y capacitaci\u00f3n a trav\u00e9s de la difusi\u00f3n sobre la importancia del agua en nuestras vidas y el cuidado del recurso h\u00eddrico sustentable, como fuente de provisi\u00f3n.<\/strong><\/p>\n\n\n\n<h3 class=\"wp-block-heading\"><strong>El equipo de trabajo est\u00e1 conformado por:<\/strong><\/h3>\n\n\n\n<ul class=\"wp-block-list\">\n<li><strong>Lic. Maria Ver\u00f3nica Iraeta<\/strong><\/li>\n\n\n\n<li><\/li>\n<\/ul>\n\n\n\n<h3 class=\"wp-block-heading\"><strong>Contacto<\/strong><\/h3>\n\n\n\n<p><strong>Tel: (02317) 613071 \u2013 analisis@iseta.edu.ar<\/strong><\/p>\n","protected":false},"excerpt":{"rendered":"<p>El Departamento de An\u00e1lisis tiene como objetivo principal brindar servicios y asesoramiento, atendiendo las demandas de an\u00e1lisis de materias primas, &hellip; <\/p>\n","protected":false},"author":2,"featured_media":0,"parent":40,"menu_order":3,"comment_status":"closed","ping_status":"closed","template":"","meta":{"footnotes":""},"class_list":["post-52","page","type-page","status-publish","hentry"],"_links":{"self":[{"href":"https:\/\/iseta.edu.ar\/iseta\/wp-json\/wp\/v2\/pages\/52","targetHints":{"allow":["GET"]}}],"collection":[{"href":"https:\/\/iseta.edu.ar\/iseta\/wp-json\/wp\/v2\/pages"}],"about":[{"href":"https:\/\/iseta.edu.ar\/iseta\/wp-json\/wp\/v2\/types\/page"}],"author":[{"embeddable":true,"href":"https:\/\/iseta.edu.ar\/iseta\/wp-json\/wp\/v2\/users\/2"}],"replies":[{"embeddable":true,"href":"https:\/\/iseta.edu.ar\/iseta\/wp-json\/wp\/v2\/comments?post=52"}],"version-history":[{"count":2,"href":"https:\/\/iseta.edu.ar\/iseta\/wp-json\/wp\/v2\/pages\/52\/revisions"}],"predecessor-version":[{"id":337,"href":"https:\/\/iseta.edu.ar\/iseta\/wp-json\/wp\/v2\/pages\/52\/revisions\/337"}],"up":[{"embeddable":true,"href":"https:\/\/iseta.edu.ar\/iseta\/wp-json\/wp\/v2\/pages\/40"}],"wp:attachment":[{"href":"https:\/\/iseta.edu.ar\/iseta\/wp-json\/wp\/v2\/media?parent=52"}],"curies":[{"name":"wp","href":"https:\/\/api.w.org\/{rel}","templated":true}]}}