{"id":44,"date":"2024-05-07T17:37:07","date_gmt":"2024-05-07T17:37:07","guid":{"rendered":"https:\/\/iseta.edu.ar\/iseta\/?page_id=44"},"modified":"2024-05-07T17:44:32","modified_gmt":"2024-05-07T17:44:32","slug":"dpto-de-analisis-de-calidad-de-semillas-y-granos","status":"publish","type":"page","link":"https:\/\/iseta.edu.ar\/iseta\/departamentos-y-servicios\/dpto-de-analisis-de-calidad-de-semillas-y-granos\/","title":{"rendered":"Dpto de An\u00e1lisis de Calidad de Semillas y Granos"},"content":{"rendered":"\n<p>El laboratorio de An\u00e1lisis de Semillas y Granos&nbsp; tiene como principal objetivo brindar un servicio de calidad buscando instalar la herramienta de \u201can\u00e1lisis de semillas\u201d como un elemento clave en la toma de decisiones no s\u00f3lo a trav\u00e9s de un resultado confiable sino tambi\u00e9n aportando todo el conocimiento disponible.<\/p>\n\n\n\n<p>Se encuentra acreditado por INASE (Instituto Nacional de Semillas) lo que le permite otorgar&nbsp; resultados de an\u00e1lisis v\u00e1lidos con Certificado Oficial.<\/p>\n\n\n\n<p>El Laboratorio surge y se construye en base al trabajo en equipo y a la generaci\u00f3n de redes de conocimiento agropecuario entre profesionales provenientes de diferentes \u00e1reas (producci\u00f3n, extensi\u00f3n y acad\u00e9mica).<\/p>\n\n\n\n<p>Se conforma por un equipo de trabajo entrenado, capacitado y en permanente actualizaci\u00f3n con deseos de seguir creciendo humana, t\u00e9cnica y profesionalmente, concretando proyectos y comprometi\u00e9ndose a diario a enfrentar los nuevos desaf\u00edos.<\/p>\n\n\n\n<p>Los principales clientes del laboratorio son productores, semilleros, acopiadores, contratistas, y otros, de 9 de Julio y la zona.<\/p>\n\n\n\n<p>Se trabaja con distintas especies de Cereales, Oleaginosas y Forrajeras.<\/p>\n\n\n\n<p>En Calidad de Semillas se realizan an\u00e1lisis de:<\/p>\n\n\n\n<p>Nota: Las t\u00e9cnicas anal\u00edticas metodol\u00f3gicas utilizadas son principalmente provenientes de ISTA (Reglas Internacionales de An\u00e1lisis de Semillas)<\/p>\n\n\n\n<p>En Calidad Comercial se realizan an\u00e1lisis Comerciales en cereales y oleaginosas seg\u00fan Normas de comercializaci\u00f3n vigentes.<\/p>\n\n\n\n<p>El laboratorio tambi\u00e9n es miembro de ALAP (Asociaci\u00f3n de Laboratorios Agropecuarios Privados) desde el a\u00f1o 1998, participando de plenarias, talleres, cursos de actualizaci\u00f3n y peri\u00f3dicos Referee Test que garantizan la confiabilidad de los resultados obtenidos<\/p>\n\n\n\n<p>El Equipo de trabajo se conforma por:<\/p>\n\n\n\n<p>Director T\u00e9cnico:<\/p>\n\n\n\n<p>Ing. Agr\u00f3noma\/Perito clasificador Gonz\u00e1lez, Andrea L.&nbsp; M.P N\u00ba 49.422<\/p>\n\n\n\n<p>Ayudantes de laboratorio:<\/p>\n\n\n\n<p>T\u00e9c.\/Perito clasificador Riera, Mar\u00eda Carolina<\/p>\n\n\n\n<p>Analista Belauzar\u00e1n, Nancy E.<\/p>\n\n\n\n<p>Analista\/ Perito clasificador Leopardi, Anal\u00eda E.<\/p>\n\n\n\n<p>&nbsp;\u201cHonestidad, Seriedad y Responsabilidad, son nuestros principios b\u00e1sicos\u201d<\/p>\n\n\n\n<blockquote class=\"wp-block-quote is-layout-flow wp-block-quote-is-layout-flow\">\n<p><\/p>\n<cite>RECUERDE:<br>Verificar la calidad de la semilla antes de la siembra enviando una muestra a laboratorios habilitados oficialmente.<\/cite><\/blockquote>\n\n\n\n<blockquote class=\"wp-block-quote is-layout-flow wp-block-quote-is-layout-flow\">\n<p><\/p>\n<cite>TENGA EN CUENTA QUE:<br>El uso de semillas de alta calidad es el comienzo de una buena cosecha y de la rentabilidad de su cultivo.<\/cite><\/blockquote>\n\n\n\n<p>Contacto<\/p>\n\n\n\n<p>Tel: (02317) 613071 \u2013 laboratorios@iseta.edu.ar<\/p>\n\n\n\n<p>Visit\u00e1 nuestra fanpage, all\u00ed encontrar\u00e1s notas de inter\u00e9s y actualidad.<\/p>\n","protected":false},"excerpt":{"rendered":"<p>El laboratorio de An\u00e1lisis de Semillas y Granos&nbsp; tiene como principal objetivo brindar un servicio de calidad buscando instalar la &hellip; <\/p>\n","protected":false},"author":2,"featured_media":0,"parent":40,"menu_order":2,"comment_status":"closed","ping_status":"closed","template":"","meta":{"footnotes":""},"class_list":["post-44","page","type-page","status-publish","hentry"],"_links":{"self":[{"href":"https:\/\/iseta.edu.ar\/iseta\/wp-json\/wp\/v2\/pages\/44","targetHints":{"allow":["GET"]}}],"collection":[{"href":"https:\/\/iseta.edu.ar\/iseta\/wp-json\/wp\/v2\/pages"}],"about":[{"href":"https:\/\/iseta.edu.ar\/iseta\/wp-json\/wp\/v2\/types\/page"}],"author":[{"embeddable":true,"href":"https:\/\/iseta.edu.ar\/iseta\/wp-json\/wp\/v2\/users\/2"}],"replies":[{"embeddable":true,"href":"https:\/\/iseta.edu.ar\/iseta\/wp-json\/wp\/v2\/comments?post=44"}],"version-history":[{"count":1,"href":"https:\/\/iseta.edu.ar\/iseta\/wp-json\/wp\/v2\/pages\/44\/revisions"}],"predecessor-version":[{"id":45,"href":"https:\/\/iseta.edu.ar\/iseta\/wp-json\/wp\/v2\/pages\/44\/revisions\/45"}],"up":[{"embeddable":true,"href":"https:\/\/iseta.edu.ar\/iseta\/wp-json\/wp\/v2\/pages\/40"}],"wp:attachment":[{"href":"https:\/\/iseta.edu.ar\/iseta\/wp-json\/wp\/v2\/media?parent=44"}],"curies":[{"name":"wp","href":"https:\/\/api.w.org\/{rel}","templated":true}]}}