{"id":42,"date":"2024-05-07T17:34:21","date_gmt":"2024-05-07T17:34:21","guid":{"rendered":"https:\/\/iseta.edu.ar\/iseta\/?page_id=42"},"modified":"2026-03-30T13:04:44","modified_gmt":"2026-03-30T13:04:44","slug":"cursos","status":"publish","type":"page","link":"https:\/\/iseta.edu.ar\/iseta\/departamentos-y-servicios\/cursos\/","title":{"rendered":""},"content":{"rendered":"\n<p>Mes de Mayo:<\/p>\n\n\n\n<figure class=\"wp-block-table\"><table class=\"has-fixed-layout\"><tbody><tr><td>Denominaci\u00f3n de la capacitaci\u00f3n<\/td><td>Informaci\u00f3n<\/td><\/tr><tr><td>ELABORACION ARTESANAL DE ESCABECHES Y HORTALIZAS AL NATURAL<\/td><td>Contenidos: Insumos y materias primas. Procesos de elaboraci\u00f3n. Exigencias del C\u00f3digo Alimentario Argentino. Control de calidad<br>Docentes: Carolina Mart\u00ednez Departamento: IACTA<br>Modalidad: virtual asincr\u00f3nico: video + actividad de entrega obligatoria <br>Fecha y duraci\u00f3n: 6 hs &#8211; mes de mayo<br>Observaciones: 1\/5\/26 al 8\/5\/26 se recepcionar\u00e1: Nombre, Apellido, mail y DNI de los interesados (datos obligatorios para acceder a la capacitaci\u00f3n).<br>14\/5\/26 al 31\/5\/26 capacitaci\u00f3n + entrega de actividad<\/td><\/tr><tr><td>MANIPULACI\u00d3N DE ALIMENTOS LIBRES DE GLUTEN<\/td><td>Docentes: Carla Urrea M\u00e9ndez y Guillermos Ram\u00edrez Departamento: Cereales y Calidad<br>Modalidad: virtual asincr\u00f3nico: actividad de entrega obligatoria <br>Fecha y duraci\u00f3n: inicio 5 de mayo &#8211; 1 mes<br>Observaciones: inscripci\u00f3n previa obligatoria habilitada desde el 28 de abril<\/td><\/tr><\/tbody><\/table><\/figure>\n\n\n\n<p>Mes de Junio:<\/p>\n\n\n\n<figure class=\"wp-block-table\"><table class=\"has-fixed-layout\"><tbody><tr><td>Denominaci\u00f3n de la capacitaci\u00f3n<\/td><td>Informaci\u00f3n<\/td><\/tr><tr><td>ELABORACION INDUSTRIAL DE MANTECA<\/td><td>Contenidos: Proceso de elaboraci\u00f3n \u2013 Fundamentos t\u00e9cnicos \u2013 Exigencias del C\u00f3digo Alimentario Argentino \u2013 Control y calidad de las materias primas<br>Docentes: Andrea Mucci Departamento: IACTA<br>Modalidad: virtual asincr\u00f3nico: video + actividad de entrega obligatoria Fecha y duraci\u00f3n: 6 hs &#8211; mes de junio.<br>Observaciones: 1\/6\/26 al 7\/6\/26 se recepcionar\u00e1 Nombre, Apellido, mail y DNI de los interesados (datos obligatorios para acceder a la capacitaci\u00f3n).<br>11\/6\/26 al 30\/6\/26 capacitaci\u00f3n + entrega de actividad<\/td><\/tr><\/tbody><\/table><\/figure>\n\n\n\n<p>Mes de Agosto:<\/p>\n\n\n\n<figure class=\"wp-block-table\"><table class=\"has-fixed-layout\"><tbody><tr><td>Denominaci\u00f3n de la capacitaci\u00f3n<\/td><td>Informaci\u00f3n<\/td><\/tr><tr><td>ALIMENTACION LIBRE DE GLUTEN: CELIAQUIA<\/td><td>Contenidos: Descripci\u00f3n de la enfermedad. Tratamiento alimentario. Manipulaci\u00f3n de alimentos en el hogar.<br>Docentes: Emilia Fage <br>Departamento: IACTA<br>Modalidad: virtual asincr\u00f3nico: video + actividad de entrega obligatoria Fecha y duraci\u00f3n: 4 hs \u2013 mes de agosto<\/td><\/tr><tr><td>BROMATOLOG\u00cdA EN EL HOGAR<\/td><td>Docente: Guillermo Ram\u00edrez y Carla Urrea M\u00e9ndez Departamento: Cereales y calidad<br>Modalidad: virtual autogestionado<br>Fecha y duraci\u00f3n: inicio 11 de agosto, consta de 8 m\u00f3dulos (formato videos de duraci\u00f3n variable; vista de un video por semana y resoluci\u00f3n de evaluaci\u00f3n correspondiente a cada m\u00f3dulo) conlleva 13 horas de trabajo.<\/td><\/tr><\/tbody><\/table><\/figure>\n\n\n\n<p>Mes de Septiembre:<\/p>\n\n\n\n<figure class=\"wp-block-table\"><table class=\"has-fixed-layout\"><tbody><tr><td>Denominaci\u00f3n de la capacitaci\u00f3n<\/td><td>Informaci\u00f3n<\/td><\/tr><tr><td>ELABORACION DE CHACINADOS FRESCOS<\/td><td>Contenidos: Operaciones b\u00e1sicas. Materias primas e insumos. Aditivos. Exigencias del C\u00f3digo Alimentario Argentino.<br>Docentes: Mar\u00eda Jos\u00e9 Santa Cruz. Miguel Blanco Departamento: IACTA<br>Modalidad: virtual asincr\u00f3nico: video + actividad de entrega obligatoria Fecha y duraci\u00f3n: 6 hs \u2013 mes de septiembre<br>Observaciones: 1\/9\/26 al 7\/9\/26 se recepcionar\u00e1 Nombre, Apellido, mail y DNI de los interesados (datos obligatorios para acceder a la capacitaci\u00f3n).<br>11\/9\/25 al 30\/9\/26 capacitaci\u00f3n + entrega de actividad<\/td><\/tr><tr><td>METODOLOG\u00cdAS PARA LA DETERMINACI\u00d3N DE LA ACEPTABILIDAD SENSORIAL DE PRODUCTOS ALIMENTICIOS<\/td><td>Docente: Alejandra Flores Departamento: DESA Modalidad: virtual asincr\u00f3nica<br>Fecha y duraci\u00f3n: estar\u00e1 disponible desde el 28\/09 al 13\/10. Se estima un total de 18 hs.<\/td><\/tr><\/tbody><\/table><\/figure>\n\n\n\n<p>Mes de Octubre:<\/p>\n\n\n\n<figure class=\"wp-block-table\"><table class=\"has-fixed-layout\"><tbody><tr><td>Denominaci\u00f3n de la capacitaci\u00f3n<\/td><td>Informaci\u00f3n<\/td><\/tr><tr><td>SUSTENTABILIDAD EN LA INDUSTRIA ALIMENTICIA<\/td><td>Docente: Nicasia Berrueta Departamento: Microbiolog\u00eda<br>Modalidad: asincr\u00f3nico, material de lectura y actividad.<br>Fecha y duraci\u00f3n: disponible desde el 19\/10 al 23\/10; se estiman 6 hs. de duraci\u00f3n.<\/td><\/tr><\/tbody><\/table><\/figure>\n\n\n\n<p>Mes de Noviembre<\/p>\n\n\n\n<figure class=\"wp-block-table\"><table class=\"has-fixed-layout\"><tbody><tr><td>Denominaci\u00f3n de la capacitaci\u00f3n<\/td><td>Informaci\u00f3n<\/td><\/tr><tr><td>CALIDAD DE AGUA DE CONSUMO HUMANO<\/td><td>Docentes: Nicasia Berrueta<br>Departamento: Microbiolog\u00eda y An\u00e1lisis fisicoqu\u00edmicos Modalidad: virtual asincr\u00f3nico<br>Fecha y duraci\u00f3n: disponible desde el 2\/11 al 6\/11; se estiman 3 hs. para su realizaci\u00f3n.<\/td><\/tr><\/tbody><\/table><\/figure>\n\n\n\n<p><strong>Mails de informaci\u00f3n e inscripci\u00f3n:<\/strong><\/p>\n\n\n\n<ul class=\"wp-block-list\">\n<li>Departamento de Cereales y Calidad: isetacerealesycalidad@gmail.com<\/li>\n\n\n\n<li>Departamento de Investigaci\u00f3n, asistencia y capacitaci\u00f3n tecnol\u00f3gico- alimentaria (IACTA): iacta@iseta.edu.ar<\/li>\n\n\n\n<li>Departamento de Microbiolog\u00eda: microbiolog\u00eda.iseta@gmail.com<\/li>\n\n\n\n<li>Departamento de Evaluaci\u00f3n sensorial de los alimentos (DESA): desa@iseta.edu.ar<\/li>\n<\/ul>\n","protected":false},"excerpt":{"rendered":"<p>Mes de Mayo: Denominaci\u00f3n de la capacitaci\u00f3n Informaci\u00f3n ELABORACION ARTESANAL DE ESCABECHES Y HORTALIZAS AL NATURAL Contenidos: Insumos y materias &hellip; <\/p>\n","protected":false},"author":2,"featured_media":0,"parent":40,"menu_order":1,"comment_status":"closed","ping_status":"closed","template":"","meta":{"footnotes":""},"class_list":["post-42","page","type-page","status-publish","hentry"],"_links":{"self":[{"href":"https:\/\/iseta.edu.ar\/iseta\/wp-json\/wp\/v2\/pages\/42","targetHints":{"allow":["GET"]}}],"collection":[{"href":"https:\/\/iseta.edu.ar\/iseta\/wp-json\/wp\/v2\/pages"}],"about":[{"href":"https:\/\/iseta.edu.ar\/iseta\/wp-json\/wp\/v2\/types\/page"}],"author":[{"embeddable":true,"href":"https:\/\/iseta.edu.ar\/iseta\/wp-json\/wp\/v2\/users\/2"}],"replies":[{"embeddable":true,"href":"https:\/\/iseta.edu.ar\/iseta\/wp-json\/wp\/v2\/comments?post=42"}],"version-history":[{"count":9,"href":"https:\/\/iseta.edu.ar\/iseta\/wp-json\/wp\/v2\/pages\/42\/revisions"}],"predecessor-version":[{"id":1434,"href":"https:\/\/iseta.edu.ar\/iseta\/wp-json\/wp\/v2\/pages\/42\/revisions\/1434"}],"up":[{"embeddable":true,"href":"https:\/\/iseta.edu.ar\/iseta\/wp-json\/wp\/v2\/pages\/40"}],"wp:attachment":[{"href":"https:\/\/iseta.edu.ar\/iseta\/wp-json\/wp\/v2\/media?parent=42"}],"curies":[{"name":"wp","href":"https:\/\/api.w.org\/{rel}","templated":true}]}}