{"id":33,"date":"2024-05-07T17:19:52","date_gmt":"2024-05-07T17:19:52","guid":{"rendered":"https:\/\/iseta.edu.ar\/iseta\/?page_id=33"},"modified":"2026-03-30T13:08:08","modified_gmt":"2026-03-30T13:08:08","slug":"legales","status":"publish","type":"page","link":"https:\/\/iseta.edu.ar\/iseta\/institucionales\/legales\/","title":{"rendered":"Legales"},"content":{"rendered":"\n<h3 class=\"wp-block-heading\"><strong>Resoluciones y Disposiciones<\/strong><\/h3>\n\n\n\n<p>R\u00e9gimen Acad\u00e9mico Marco Jurisdiccional (En vigencia desde 2025)<strong> <a href=\"https:\/\/iseta.edu.ar\/iseta\/wp-content\/uploads\/2024\/12\/Resolucion-4196-24-y-Anexos.pdf\" data-type=\"attachment\" data-id=\"406\">Ver Resoluci\u00f3n 4196\/24<\/a><\/strong><\/p>\n\n\n\n<p>Propuestas Pedag\u00f3gicas Combinadas <strong><a href=\"https:\/\/iseta.edu.ar\/iseta\/wp-content\/uploads\/2025\/07\/IF-2024-43984044-GDEBA-DESFTDGCYE.pdf\" data-type=\"attachment\" data-id=\"1204\">Ver disposici\u00f3n<\/a><\/strong><\/p>\n\n\n\n<p>R\u00e9gimen Acad\u00e9mico Marco Jurisdiccional <a href=\"https:\/\/iseta.edu.ar\/iseta\/wp-content\/uploads\/2024\/05\/REGIMEN-ACADEMICO-4043.pdf\"><strong>Ver Resoluci\u00f3n 4043\/09<\/strong> <\/a><\/p>\n\n\n\n<p>Resoluci\u00f3n 4044\/09 (consejos acad\u00e9micos institucionales)<strong><a href=\"https:\/\/iseta.edu.ar\/iseta\/wp-content\/uploads\/2025\/06\/res_4044cai.pdf\" data-type=\"attachment\" data-id=\"1173\">Ver resoluci\u00f3n<\/a><\/strong><\/p>\n\n\n\n<p>Pr\u00e1cticas Educativas en Ambientes de Trabajos <strong><a href=\"https:\/\/iseta.edu.ar\/iseta\/wp-content\/uploads\/2025\/03\/RESOLUCION-5356-2024-PEAT.pdf\" data-type=\"attachment\" data-id=\"961\">Descargar<\/a><\/strong><\/p>\n\n\n\n<h3 class=\"wp-block-heading\"><strong>Pruebas de Selecci\u00f3n<\/strong><\/h3>\n\n\n\n<p>Resoluci\u00f3n 6179\/25 (Deroga la Res. 5886\/03 y 1161\/20) <a href=\"https:\/\/iseta.edu.ar\/iseta\/wp-content\/uploads\/2025\/12\/RESOLUCION-6179-25.pdf\"><strong>Ver Resoluci\u00f3n<\/strong><\/a><\/p>\n\n\n\n<h3 class=\"wp-block-heading\"><strong>Planillas de inter\u00e9s docente<\/strong><\/h3>\n\n\n\n<p>Declaraci\u00f3n Jurada de Cargos y Horarios <strong><a href=\"https:\/\/iseta.edu.ar\/iseta\/wp-content\/uploads\/2026\/03\/DDJJ-2026.xlsx\">Descargar<\/a><\/strong><\/p>\n\n\n\n<p>Set 4 <strong><a href=\"https:\/\/iseta.edu.ar\/iseta\/wp-content\/uploads\/2024\/05\/SET4-2.doc\">Descargar<\/a><\/strong><\/p>\n\n\n\n<p>Declaraci\u00f3n Jurada y Anexos para Salidas Educativas <strong><a href=\"https:\/\/iseta.edu.ar\/iseta\/wp-content\/uploads\/2025\/02\/Salidas-Educativas.pdf\" data-type=\"attachment\" data-id=\"513\">Descargar<\/a><\/strong><\/p>\n\n\n\n<h3 class=\"wp-block-heading\"><strong>Resoluciones de carreras<\/strong><\/h3>\n\n\n\n<div class=\"wp-block-group\"><div class=\"wp-block-group__inner-container is-layout-constrained wp-block-group-is-layout-constrained\">\n<p>Tec. Sup. en Higiene y Seguridad en el Trabajo<strong> <a href=\"https:\/\/iseta.edu.ar\/iseta\/wp-content\/uploads\/2024\/05\/TS-en-Higiene-y-Seguridad-en-el-trabajo-Res.-320_13.pdf\">Ver Resoluci\u00f3n<\/a><\/strong><\/p>\n\n\n\n<p>Tec. Sup. en Higiene, Seguridad y Ambiente Laboral <a href=\"https:\/\/iseta.edu.ar\/iseta\/wp-content\/uploads\/2025\/12\/Tec.-Sup-en-Higiene-Seguridad-y-ambiente-Laboral.pdf\"><strong>Ver Resoluci\u00f3n<\/strong><\/a><\/p>\n\n\n\n<p>Tec. Sup. en An\u00e1lisis de Sistemas (Nueva) <strong><a href=\"https:\/\/iseta.edu.ar\/iseta\/wp-content\/uploads\/2024\/05\/TS-en-Analisis-de-Sistemas-Res.-6790_19-Anexo-I.pdf\">Ver Resoluci\u00f3n<\/a><\/strong><\/p>\n\n\n\n<p>Tec. Sup. en Producci\u00f3n Agr\u00edcola-Ganadera (Nueva)<strong><a href=\"https:\/\/iseta.edu.ar\/iseta\/wp-content\/uploads\/2024\/05\/TS-en-Produccion-Agricola-Ganadera-Res.-4343_19-Anexo-I_0.pdf\">Ver Resoluci\u00f3n<\/a><\/strong><\/p>\n\n\n\n<p>Tec. Sup. en Mec\u00e1nica Liviana <strong><a href=\"https:\/\/iseta.edu.ar\/iseta\/wp-content\/uploads\/2024\/05\/TS-en-Mecanica-Liviana-Res.-6248_03.pdf\">Ver Resoluci\u00f3n<\/a><\/strong><\/p>\n\n\n\n<p>Tec. Sup. en Servicios Gastron\u00f3micos<strong> <a href=\"https:\/\/iseta.edu.ar\/iseta\/wp-content\/uploads\/2024\/05\/DISENO-CURRICULAR-GASTRO.pdf\">Ver Resoluci\u00f3n<\/a><\/strong><\/p>\n\n\n\n<p>Tec. Sup. en Servicios Gastron\u00f3micos (Nueva) <a href=\"https:\/\/iseta.edu.ar\/iseta\/wp-content\/uploads\/2025\/12\/Tec.-Sup-en-Servicios-Gastronomicos.pdf\"><strong>Ver Resoluci\u00f3n<\/strong><\/a><\/p>\n\n\n\n<p>Tec. Sup. en Alimentos <strong><a href=\"https:\/\/iseta.edu.ar\/iseta\/wp-content\/uploads\/2024\/05\/DISENO-CURRICULAR-ALIMENTOS-5563-23.pdf\">Ver Resoluci\u00f3n&nbsp;<\/a><\/strong><\/p>\n\n\n\n<p>Tec. Sup. en Biotecnolog\u00eda <strong><strong><a href=\"https:\/\/iseta.edu.ar\/iseta\/wp-content\/uploads\/2025\/12\/Rectificatoria-Biotecologia-RES-3538-25-y-ANEXO.pdf\">Ver Resoluci\u00f3n<\/a><\/strong><\/strong><\/p>\n\n\n\n<p>Tec. Sup. en Gesti\u00f3n de Energ\u00edas Renovables <strong><a href=\"https:\/\/iseta.edu.ar\/iseta\/wp-content\/uploads\/2025\/12\/Rectificatoria-Gestion-de-Ener-Ren-RES-6185-25-y-ANEXO.pdf\">Ver Resoluci\u00f3n<\/a><\/strong><\/p>\n<\/div><\/div>\n","protected":false},"excerpt":{"rendered":"<p>Resoluciones y Disposiciones R\u00e9gimen Acad\u00e9mico Marco Jurisdiccional (En vigencia desde 2025) Ver Resoluci\u00f3n 4196\/24 Propuestas Pedag\u00f3gicas Combinadas Ver disposici\u00f3n R\u00e9gimen &hellip; <\/p>\n","protected":false},"author":2,"featured_media":0,"parent":8,"menu_order":3,"comment_status":"closed","ping_status":"closed","template":"","meta":{"footnotes":""},"class_list":["post-33","page","type-page","status-publish","hentry"],"_links":{"self":[{"href":"https:\/\/iseta.edu.ar\/iseta\/wp-json\/wp\/v2\/pages\/33","targetHints":{"allow":["GET"]}}],"collection":[{"href":"https:\/\/iseta.edu.ar\/iseta\/wp-json\/wp\/v2\/pages"}],"about":[{"href":"https:\/\/iseta.edu.ar\/iseta\/wp-json\/wp\/v2\/types\/page"}],"author":[{"embeddable":true,"href":"https:\/\/iseta.edu.ar\/iseta\/wp-json\/wp\/v2\/users\/2"}],"replies":[{"embeddable":true,"href":"https:\/\/iseta.edu.ar\/iseta\/wp-json\/wp\/v2\/comments?post=33"}],"version-history":[{"count":42,"href":"https:\/\/iseta.edu.ar\/iseta\/wp-json\/wp\/v2\/pages\/33\/revisions"}],"predecessor-version":[{"id":1438,"href":"https:\/\/iseta.edu.ar\/iseta\/wp-json\/wp\/v2\/pages\/33\/revisions\/1438"}],"up":[{"embeddable":true,"href":"https:\/\/iseta.edu.ar\/iseta\/wp-json\/wp\/v2\/pages\/8"}],"wp:attachment":[{"href":"https:\/\/iseta.edu.ar\/iseta\/wp-json\/wp\/v2\/media?parent=33"}],"curies":[{"name":"wp","href":"https:\/\/api.w.org\/{rel}","templated":true}]}}