{"id":29,"date":"2024-05-07T17:14:19","date_gmt":"2024-05-07T17:14:19","guid":{"rendered":"https:\/\/iseta.edu.ar\/iseta\/?page_id=29"},"modified":"2024-08-29T12:47:37","modified_gmt":"2024-08-29T12:47:37","slug":"quienes-somos","status":"publish","type":"page","link":"https:\/\/iseta.edu.ar\/iseta\/institucionales\/quienes-somos\/","title":{"rendered":"\u00bfQui\u00e9nes somos?"},"content":{"rendered":"\n<p>El Instituto Superior Experimental de Tecnolog\u00eda Alimentaria (ISETA) depende de la Direcci\u00f3n General de Cultura y Educaci\u00f3n de la Provincia de Buenos Aires inaugurado el 17\/7\/1978. Las actividades que se realizan en la instituci\u00f3n le permiten insertarse en las siguientes \u00e1reas de trabajo:<\/p>\n\n\n\n<p><strong>DOCENCIA:<\/strong><br>Comprende el dictado de las Carreras de T\u00e9cnico Superior en Alimentos. T\u00e9cnico Superior en Producci\u00f3n Agr\u00edcola Ganadera. T\u00e9cnico Superior en Mec\u00e1nica Liviana. T\u00e9cnico Superior en An\u00e1lisis de Sistemas. T\u00e9cnico Superior en Higiene y Seguridad en el Trabajo. T\u00e9cnico Superior en Servicios Gastron\u00f3micos. T\u00e9cnico Superior en Biotecnolog\u00eda. Y cuenta con una extensi\u00f3n \u00e1ulica en la ciudad de Henderson, partido de Hip\u00f3lito Yrigoyen con la carrera T\u00e9cnico Superior en Gesti\u00f3n de las Energ\u00edas Renovables.<br><\/p>\n\n\n\n<p><strong>SERVICIOS:<\/strong><br>Implica la realizaci\u00f3n de an\u00e1lisis de suelos, aguas, semillas, alimentos balanceados, productos alimenticios en general, y asesoramiento t\u00e9cnico a industrias y productores.<br><\/p>\n\n\n\n<p><strong>INVESTIGACI\u00d3N:<\/strong><br>Abarca el estudio y desarrollo Cient\u00edfico-Tecnol\u00f3gico en alimentos, especialmente en \u00e1reas tales como: nutrici\u00f3n y microbiolog\u00eda, productos a base de carnes, l\u00e1cteos, frutas y hortalizas y cereales, y evaluaci\u00f3n sensorial de los mismos.<\/p>\n","protected":false},"excerpt":{"rendered":"<p>El Instituto Superior Experimental de Tecnolog\u00eda Alimentaria (ISETA) depende de la Direcci\u00f3n General de Cultura y Educaci\u00f3n de la Provincia &hellip; <\/p>\n","protected":false},"author":2,"featured_media":0,"parent":8,"menu_order":1,"comment_status":"closed","ping_status":"closed","template":"","meta":{"footnotes":""},"class_list":["post-29","page","type-page","status-publish","hentry"],"_links":{"self":[{"href":"https:\/\/iseta.edu.ar\/iseta\/wp-json\/wp\/v2\/pages\/29","targetHints":{"allow":["GET"]}}],"collection":[{"href":"https:\/\/iseta.edu.ar\/iseta\/wp-json\/wp\/v2\/pages"}],"about":[{"href":"https:\/\/iseta.edu.ar\/iseta\/wp-json\/wp\/v2\/types\/page"}],"author":[{"embeddable":true,"href":"https:\/\/iseta.edu.ar\/iseta\/wp-json\/wp\/v2\/users\/2"}],"replies":[{"embeddable":true,"href":"https:\/\/iseta.edu.ar\/iseta\/wp-json\/wp\/v2\/comments?post=29"}],"version-history":[{"count":4,"href":"https:\/\/iseta.edu.ar\/iseta\/wp-json\/wp\/v2\/pages\/29\/revisions"}],"predecessor-version":[{"id":332,"href":"https:\/\/iseta.edu.ar\/iseta\/wp-json\/wp\/v2\/pages\/29\/revisions\/332"}],"up":[{"embeddable":true,"href":"https:\/\/iseta.edu.ar\/iseta\/wp-json\/wp\/v2\/pages\/8"}],"wp:attachment":[{"href":"https:\/\/iseta.edu.ar\/iseta\/wp-json\/wp\/v2\/media?parent=29"}],"curies":[{"name":"wp","href":"https:\/\/api.w.org\/{rel}","templated":true}]}}