{"id":260,"date":"2024-06-27T12:26:54","date_gmt":"2024-06-27T12:26:54","guid":{"rendered":"https:\/\/iseta.edu.ar\/iseta\/?page_id=260"},"modified":"2025-12-12T12:03:35","modified_gmt":"2025-12-12T12:03:35","slug":"tec-sup-en-biotecnologia","status":"publish","type":"page","link":"https:\/\/iseta.edu.ar\/iseta\/carreras\/tec-sup-en-biotecnologia\/","title":{"rendered":"Tec. Sup. en Biotecnolog\u00eda"},"content":{"rendered":"\n<div class=\"wp-block-buttons is-layout-flex wp-block-buttons-is-layout-flex\">\n<div class=\"wp-block-button has-custom-width wp-block-button__width-25\"><a class=\"wp-block-button__link has-white-color has-text-color has-background has-link-color has-small-font-size has-custom-font-size wp-element-button\" href=\"https:\/\/iseta.edu.ar\/iseta\/wp-content\/uploads\/2025\/12\/Rectificatoria-Biotecologia-RES-3538-25-y-ANEXO.pdf\" style=\"background-color:#0734cf\">Ver Resoluci\u00f3n<\/a><\/div>\n\n\n\n<div class=\"wp-block-button has-custom-width wp-block-button__width-25 is-style-fill\"><a class=\"wp-block-button__link has-white-color has-text-color has-background has-link-color has-small-font-size has-custom-font-size wp-element-button\" href=\"https:\/\/iseta.edu.ar\/iseta\/horarios\/\" style=\"background-color:#0734cf\">Ver Horarios<\/a><\/div>\n<\/div>\n\n\n\n<div style=\"height:55px\" aria-hidden=\"true\" class=\"wp-block-spacer\"><\/div>\n\n\n\n<p>La\/el T\u00e9cnica\/o Superior en Biotecnolog\u00eda puede ejercer sus funciones profesionales desempe\u00f1\u00e1ndose de manera independiente como responsable de la prestaci\u00f3n de servicios de un laboratorio de an\u00e1lisis qu\u00edmico-biol\u00f3gico, microbiol\u00f3gico, de alimentos o biotecnol\u00f3gico, Del mismo modo, podr\u00e1 ejercer su funci\u00f3n como asesor para la adquisici\u00f3n de equipos, productos e insumos relacionados con la Industria. En este sentido, los trabajos de asesor\u00eda a terceros en planta son funciones que puede cubrir con total solvencia, cumpliendo todas o algunas de las funciones definidas por su perfil profesional, en diferentes contextos de acuerdo con los proyectos, en \u00e1mbitos locales, regionales o nacionales.<br>La\/el T\u00e9cnica\/o Superior en Biotecnolog\u00eda est\u00e1 capacitado para desempe\u00f1arse en:<br>&#8211; Laboratorios de an\u00e1lisis qu\u00edmicos y\/o microbiol\u00f3gicos de investigaci\u00f3n o desarrollo, tanto del sector p\u00fablico como privado.<br>&#8211; Empresas de la Industria Farmac\u00e9utica, Veterinaria y de los Alimentos; en sectores de producci\u00f3n y control de calidad de materias primas, procesos y producto final.<br>&#8211; \u00c1reas para asegurar la correcta utilizaci\u00f3n de la tecnolog\u00eda en los distintos ambientes de trabajo.<br>&#8211; Centros de Biotecnolog\u00eda; Laboratorios de Farmacolog\u00eda, Control de calidad; de Microbiolog\u00eda, An\u00e1lisis &#8212; Qu\u00edmicos de Investigaci\u00f3n y Desarrollo.<br>&#8211; \u00c1reas industriales de procesos de elaboraci\u00f3n y control de calidad.<br>&#8211; Est\u00e1 capacitada\/o para desempe\u00f1arse en gerencias t\u00e9cnicas, \u00e1reas de supervisi\u00f3n, oficinas t\u00e9cnicas, \u00e1reas de control de calidad, validaci\u00f3n, asesor\u00eda, investigaci\u00f3n y desarrollo tecnol\u00f3gico, capacitaci\u00f3n y compra de productos, entre otras.<\/p>\n\n\n\n<p><strong>Consultas:<\/strong><br>V\u00eda Whatsapp +549 2317 515076 \u2013 +54 2317 422305\/611071 \u2013 preceptoria@iseta.edu.ar<\/p>\n","protected":false},"excerpt":{"rendered":"<p>La\/el T\u00e9cnica\/o Superior en Biotecnolog\u00eda puede ejercer sus funciones profesionales desempe\u00f1\u00e1ndose de manera independiente como responsable de la prestaci\u00f3n de &hellip; <\/p>\n","protected":false},"author":2,"featured_media":0,"parent":70,"menu_order":0,"comment_status":"closed","ping_status":"closed","template":"","meta":{"footnotes":""},"class_list":["post-260","page","type-page","status-publish","hentry"],"_links":{"self":[{"href":"https:\/\/iseta.edu.ar\/iseta\/wp-json\/wp\/v2\/pages\/260","targetHints":{"allow":["GET"]}}],"collection":[{"href":"https:\/\/iseta.edu.ar\/iseta\/wp-json\/wp\/v2\/pages"}],"about":[{"href":"https:\/\/iseta.edu.ar\/iseta\/wp-json\/wp\/v2\/types\/page"}],"author":[{"embeddable":true,"href":"https:\/\/iseta.edu.ar\/iseta\/wp-json\/wp\/v2\/users\/2"}],"replies":[{"embeddable":true,"href":"https:\/\/iseta.edu.ar\/iseta\/wp-json\/wp\/v2\/comments?post=260"}],"version-history":[{"count":8,"href":"https:\/\/iseta.edu.ar\/iseta\/wp-json\/wp\/v2\/pages\/260\/revisions"}],"predecessor-version":[{"id":1355,"href":"https:\/\/iseta.edu.ar\/iseta\/wp-json\/wp\/v2\/pages\/260\/revisions\/1355"}],"up":[{"embeddable":true,"href":"https:\/\/iseta.edu.ar\/iseta\/wp-json\/wp\/v2\/pages\/70"}],"wp:attachment":[{"href":"https:\/\/iseta.edu.ar\/iseta\/wp-json\/wp\/v2\/media?parent=260"}],"curies":[{"name":"wp","href":"https:\/\/api.w.org\/{rel}","templated":true}]}}