{"id":124,"date":"2024-05-07T22:55:39","date_gmt":"2024-05-07T22:55:39","guid":{"rendered":"https:\/\/iseta.edu.ar\/iseta\/?page_id=124"},"modified":"2025-12-29T12:44:33","modified_gmt":"2025-12-29T12:44:33","slug":"inscripcion-a-carreras","status":"publish","type":"page","link":"https:\/\/iseta.edu.ar\/iseta\/carreras\/inscripcion-a-carreras\/","title":{"rendered":"Preinscripci\u00f3n a carreras"},"content":{"rendered":"\n<p class=\"has-text-color has-link-color wp-elements-8d12fdde0c1beebbca2f7360c573930b\" style=\"color:#0b0c9d\"><strong>En el marco del proyecto de implementaci\u00f3n del Sistema SIU Guaran\u00ed en la Educaci\u00f3n Superior de la Provincia de Buenos Aires, nos encontramos transitando la primer preinscripci\u00f3n mediante este <a href=\"https:\/\/preinscripciones.guarani.abc.gob.ar\/\">enlace<\/a>. Acced\u00e9 al <a href=\"https:\/\/www.youtube.com\/watch?v=1sd8rDHb0nk&amp;t=2s\">tutorial de preinscripci\u00f3n<\/a><\/strong><\/p>\n\n\n\n<div class=\"wp-block-group is-vertical is-layout-flex wp-container-core-group-is-layout-8cf370e7 wp-block-group-is-layout-flex\">\n<h2 class=\"wp-block-heading has-text-align-right\"><strong>T\u00e9cnico Superior en:<\/strong><\/h2>\n\n\n\n<h2 class=\"wp-block-heading has-text-align-right\"><strong><a href=\"https:\/\/iseta.edu.ar\/iseta\/wp-content\/uploads\/2025\/12\/Tec.-Sup-en-Servicios-Gastronomicos.pdf\">\u2013 Servicios Gastron\u00f3micos<\/a> <\/strong><\/h2>\n\n\n\n<h2 class=\"wp-block-heading has-text-align-right\"><strong><a href=\"https:\/\/iseta.edu.ar\/iseta\/wp-content\/uploads\/2025\/12\/Tec.-Sup-en-Higiene-Seguridad-y-ambiente-Laboral.pdf\">\u2013 Higiene, Seguridad y Ambiente Laboral<\/a><\/strong> <\/h2>\n\n\n\n<h2 class=\"wp-block-heading has-text-align-right\"><strong><a href=\"https:\/\/iseta.edu.ar\/iseta\/carreras\/tec-sup-en-alimentos\/\" data-type=\"page\" data-id=\"101\">\u2013 Alimentos<\/a><\/strong> <\/h2>\n\n\n\n<h2 class=\"wp-block-heading has-text-align-right\"><strong><a href=\"https:\/\/iseta.edu.ar\/iseta\/carreras\/tec-sup-en-analisis-de-sistemas\/\" data-type=\"page\" data-id=\"97\">\u2013 An\u00e1lisis de Sistemas<\/a><\/strong> <\/h2>\n\n\n\n<h2 class=\"wp-block-heading has-text-align-right\"><strong><a href=\"https:\/\/iseta.edu.ar\/iseta\/carreras\/tec-sup-en-produccion-agricola-ganadera\/\" data-type=\"page\" data-id=\"103\">\u2013 Producci\u00f3n Agr\u00edcola Ganadera<\/a><\/strong> <\/h2>\n\n\n\n<h2 class=\"wp-block-heading has-text-align-right\"><strong><a href=\"https:\/\/iseta.edu.ar\/iseta\/wp-content\/uploads\/2025\/12\/Rectificatoria-Biotecologia-RES-3538-25-y-ANEXO.pdf\">\u2013 Biotecnolog\u00eda<\/a><\/strong> <\/h2>\n<\/div>\n\n\n\n<p><\/p>\n\n\n\n<p><em>Te esperamos a partir del 11\/2 para realizar la pre inscripci\u00f3n, acercate a nuestra instituci\u00f3n que te asesoramos!<\/em><\/p>\n\n\n\n<hr class=\"wp-block-separator has-alpha-channel-opacity\"\/>\n\n\n\n<div class=\"wp-block-buttons is-content-justification-right is-layout-flex wp-container-core-buttons-is-layout-765c4724 wp-block-buttons-is-layout-flex\">\n<div class=\"wp-block-button\"><a class=\"wp-block-button__link has-white-color has-text-color has-background has-link-color has-text-align-right wp-element-button\" href=\"https:\/\/docs.google.com\/forms\/d\/e\/1FAIpQLSez5Rl5nze5j9dK3tiiQCek2VhB0XSYi8l7cLhvU0bBdBwzVw\/viewform?usp=dialog\" style=\"background-color:#0d009c\">Solicitud de beca residencia estudiantil<\/a><\/div>\n<\/div>\n\n\n\n<p><strong>Requisitos de inscripci\u00f3n:<\/strong><\/p>\n\n\n\n<ul class=\"wp-block-list\">\n<li><strong>Fotocopia del T\u00edtulo original del nivel secundario o Certificado de constancia de t\u00edtulo en tr\u00e1mite o Constancia de alumno del \u00faltimo a\u00f1o del nivel secundario<\/strong><\/li>\n\n\n\n<li><strong>Certificado de Buena Salud<\/strong><\/li>\n\n\n\n<li><strong>Fotocopia del DNI<\/strong><\/li>\n\n\n\n<li><strong>Foto 4\u00d74<\/strong><\/li>\n<\/ul>\n\n\n\n<div style=\"height:21px\" aria-hidden=\"true\" class=\"wp-block-spacer\"><\/div>\n\n\n\n<p><strong>Por consultas comunicarse al WhatsApp institucional, estaremos respondiendo de Lunes a Viernes de 8:00 a 22:00.<\/strong><\/p>\n\n\n\n<p><strong>La documentaci\u00f3n para la inscripci\u00f3n se recepcionara en la Instituci\u00f3n (H. Yrigoyen 931) de Lunes a Viernes de 8:00 a 22:00.<\/strong><\/p>\n\n\n\n<p><\/p>\n","protected":false},"excerpt":{"rendered":"<p>En el marco del proyecto de implementaci\u00f3n del Sistema SIU Guaran\u00ed en la Educaci\u00f3n Superior de la Provincia de Buenos &hellip; <\/p>\n","protected":false},"author":2,"featured_media":0,"parent":70,"menu_order":1,"comment_status":"closed","ping_status":"closed","template":"","meta":{"footnotes":""},"class_list":["post-124","page","type-page","status-publish","hentry"],"_links":{"self":[{"href":"https:\/\/iseta.edu.ar\/iseta\/wp-json\/wp\/v2\/pages\/124","targetHints":{"allow":["GET"]}}],"collection":[{"href":"https:\/\/iseta.edu.ar\/iseta\/wp-json\/wp\/v2\/pages"}],"about":[{"href":"https:\/\/iseta.edu.ar\/iseta\/wp-json\/wp\/v2\/types\/page"}],"author":[{"embeddable":true,"href":"https:\/\/iseta.edu.ar\/iseta\/wp-json\/wp\/v2\/users\/2"}],"replies":[{"embeddable":true,"href":"https:\/\/iseta.edu.ar\/iseta\/wp-json\/wp\/v2\/comments?post=124"}],"version-history":[{"count":25,"href":"https:\/\/iseta.edu.ar\/iseta\/wp-json\/wp\/v2\/pages\/124\/revisions"}],"predecessor-version":[{"id":1374,"href":"https:\/\/iseta.edu.ar\/iseta\/wp-json\/wp\/v2\/pages\/124\/revisions\/1374"}],"up":[{"embeddable":true,"href":"https:\/\/iseta.edu.ar\/iseta\/wp-json\/wp\/v2\/pages\/70"}],"wp:attachment":[{"href":"https:\/\/iseta.edu.ar\/iseta\/wp-json\/wp\/v2\/media?parent=124"}],"curies":[{"name":"wp","href":"https:\/\/api.w.org\/{rel}","templated":true}]}}