{"id":103,"date":"2024-05-07T18:42:56","date_gmt":"2024-05-07T18:42:56","guid":{"rendered":"https:\/\/iseta.edu.ar\/iseta\/?page_id=103"},"modified":"2024-08-29T12:42:17","modified_gmt":"2024-08-29T12:42:17","slug":"tec-sup-en-produccion-agricola-ganadera","status":"publish","type":"page","link":"https:\/\/iseta.edu.ar\/iseta\/carreras\/tec-sup-en-produccion-agricola-ganadera\/","title":{"rendered":"Tec. Sup. en Producci\u00f3n Agr\u00edcola Ganadera"},"content":{"rendered":"\n<div class=\"wp-block-buttons is-layout-flex wp-block-buttons-is-layout-flex\">\n<div class=\"wp-block-button has-custom-width wp-block-button__width-25 has-custom-font-size has-small-font-size\"><a class=\"wp-block-button__link has-white-color has-text-color has-background has-link-color wp-element-button\" href=\"https:\/\/iseta.edu.ar\/iseta\/wp-content\/uploads\/2024\/05\/TS-en-Produccion-Agricola-Ganadera-Res.-4343_19-Anexo-I_0.pdf\" style=\"background-color:#0734cf\">Ver Resoluci\u00f3n<\/a><\/div>\n\n\n\n<div class=\"wp-block-button has-custom-width wp-block-button__width-25 has-custom-font-size has-small-font-size\"><a class=\"wp-block-button__link has-white-color has-text-color has-background has-link-color wp-element-button\" href=\"https:\/\/iseta.edu.ar\/iseta\/horarios\/\" style=\"background-color:#0734cf\">Ver Horarios<\/a><\/div>\n<\/div>\n\n\n\n<p>La\/el T\u00e9cnica\/o Superior en Producci\u00f3n Agr\u00edcola Ganadera es un profesional capacitado para el manejo de los principales sistemas productivos de la regi\u00f3n en un marco de sustentabilidad y organizar la empresa aplicando t\u00e9cnicas y procesos apropiados as\u00ed como herramientas modernas de gesti\u00f3n agropecuarias. Participar en las empresas de servicio ligadas al sector agropecuario, ayudando en trabajos de investigaci\u00f3n y extensi\u00f3n agropecuarias.<br>La\/al T\u00e9cnica\/o en Producci\u00f3n Agr\u00edcola Ganadera estar\u00e1 capacitada\/o para:<br>\u2013 Participar en la planificaci\u00f3n, administraci\u00f3n y gesti\u00f3n de la explotaci\u00f3n dedicada a la producci\u00f3n agr\u00edcola-ganadera.<br>\u2013 Intervenir en los aspectos pr\u00e1cticos y operacionales referidos a la adopci\u00f3n de procedimientos, programaci\u00f3n de actividades, elaboraci\u00f3n de instrucciones, organizaci\u00f3n y distribuci\u00f3n de los recursos disponibles.<br>\u2013 Colaborar en el desarrollo de tareas de experimentaci\u00f3n e investigaci\u00f3n aplicada, as\u00ed como de actividades de extensi\u00f3n rural.<br>\u2013 Participar en la administraci\u00f3n y gesti\u00f3n de empresas de servicios agropecuarios.<\/p>\n\n\n\n<p><br><strong>Consultas:<br><\/strong>V\u00eda Whatsapp +549 2317 515076 \u2013 +54 2317 422305\/611071 \u2013 preceptoria@iseta.edu.ar<\/p>\n","protected":false},"excerpt":{"rendered":"<p>La\/el T\u00e9cnica\/o Superior en Producci\u00f3n Agr\u00edcola Ganadera es un profesional capacitado para el manejo de los principales sistemas productivos de &hellip; <\/p>\n","protected":false},"author":2,"featured_media":0,"parent":70,"menu_order":8,"comment_status":"closed","ping_status":"closed","template":"","meta":{"footnotes":""},"class_list":["post-103","page","type-page","status-publish","hentry"],"_links":{"self":[{"href":"https:\/\/iseta.edu.ar\/iseta\/wp-json\/wp\/v2\/pages\/103","targetHints":{"allow":["GET"]}}],"collection":[{"href":"https:\/\/iseta.edu.ar\/iseta\/wp-json\/wp\/v2\/pages"}],"about":[{"href":"https:\/\/iseta.edu.ar\/iseta\/wp-json\/wp\/v2\/types\/page"}],"author":[{"embeddable":true,"href":"https:\/\/iseta.edu.ar\/iseta\/wp-json\/wp\/v2\/users\/2"}],"replies":[{"embeddable":true,"href":"https:\/\/iseta.edu.ar\/iseta\/wp-json\/wp\/v2\/comments?post=103"}],"version-history":[{"count":3,"href":"https:\/\/iseta.edu.ar\/iseta\/wp-json\/wp\/v2\/pages\/103\/revisions"}],"predecessor-version":[{"id":325,"href":"https:\/\/iseta.edu.ar\/iseta\/wp-json\/wp\/v2\/pages\/103\/revisions\/325"}],"up":[{"embeddable":true,"href":"https:\/\/iseta.edu.ar\/iseta\/wp-json\/wp\/v2\/pages\/70"}],"wp:attachment":[{"href":"https:\/\/iseta.edu.ar\/iseta\/wp-json\/wp\/v2\/media?parent=103"}],"curies":[{"name":"wp","href":"https:\/\/api.w.org\/{rel}","templated":true}]}}